{"id":754,"date":"2022-02-24T14:11:37","date_gmt":"2022-02-24T14:11:37","guid":{"rendered":"https:\/\/grooveproject.eu\/elearning\/"},"modified":"2024-01-15T15:29:06","modified_gmt":"2024-01-15T15:29:06","slug":"elearning","status":"publish","type":"page","link":"https:\/\/grooveproject.eu\/pt-pt\/elearning\/","title":{"rendered":"eLearning"},"content":{"rendered":"<div>\n<p>O espa\u00e7o de aprendizagem on-line servir\u00e1 como um balc\u00e3o \u00fanico, fornecendo acesso instant\u00e2neo ao conjunto completo de recursos de aprendizagem e outros Recursos Educativos Abertos (REA) que ser\u00e3o identificados como \u00fateis na fase de prepara\u00e7\u00e3o. Todo o material que ser\u00e1 desenvolvido durante o ciclo de vida do projeto ser\u00e1 carregado no espa\u00e7o de aprendizagem on-line de forma acess\u00edvel. O espa\u00e7o de aprendizagem on-line hospedar\u00e1 material de forma\u00e7\u00e3o em diferentes formatos que os prestadores de EFP, formadores, educadores e outras partes interessadas ser\u00e3o incentivados a utilizar e a aceder para aprender mais sobre o quadro DigComp.<\/p>\n<\/div>\n<p>\n    <a href=\"https:\/\/elearning.grooveproject.eu\/\">Visitar plataforma<\/a>\n<\/p>\n<p><img decoding=\"async\" src=\"\/wp-content\/uploads\/2022\/05\/elearning-inner.svg\" alt=\"\"><\/p>\n<div>\n<h5><strong>Kit de Ferramentas para o desenvolvimento de uma estrat\u00e9gia digital no setor de EFP<\/strong><\/h5>\n<p>O Toolkit do GROOVE refere-se ao desenvolvimento de um pacote de suporte para permitir que os prestadores de EFP reflitam e melhorem a sua compet\u00eancia digital, equipando-os com estrat\u00e9gias para melhorar as compet\u00eancias digitais dos formadores e formandos.<\/p>\n<\/div>\n<div>\n<h5><strong>Programa de forma\u00e7\u00e3o em transforma\u00e7\u00e3o digital para prestadores\/formadores de EFP<\/strong><\/h5>\n<p>Esta forma\u00e7\u00e3o desenvolver\u00e1 as capacidades dos prestadores\/formadores de EFP na concep\u00e7\u00e3o de programas educativos hol\u00edsticos que promovam as compet\u00eancias digitais dos formandos. O curso ser\u00e1 disponibilizado em formato de microcredenciais e ser\u00e1 f\u00e1cil de armazenar e exibir no Europass e na sua infraestrutura de credenciais digitais.<\/p>\n<\/div>\n<div>\n<h5><strong>Material \u00fatil<\/strong><\/h5>\n<p>Nesta sec\u00e7\u00e3o pode encontrar mais recursos \u00fateis para melhorar a sua compet\u00eancia na digitaliza\u00e7\u00e3o das suas pr\u00e1ticas e a estrat\u00e9gia de digitaliza\u00e7\u00e3o da sua organiza\u00e7\u00e3o.<\/p>\n<div class=\"tm-grid-expand uk-grid-margin uk-grid\" uk-grid=\"\">\n<div class=\"uk-width-1-3@m uk-first-column\">\n<div class=\"uk-panel results-home-content uk-margin\" data-id=\"page#0-2-0-0\"><\/div>\n<\/div>\n<\/div>\n<\/div>\n<p><!--more--><br \/>\n<!-- {\"type\":\"layout\",\"children\":[{\"type\":\"section\",\"props\":{\"style\":\"default\",\"width\":\"default\",\"vertical_align\":\"middle\",\"title_position\":\"top-left\",\"title_rotation\":\"left\",\"title_breakpoint\":\"xl\",\"image_position\":\"center-center\",\"padding_remove_top\":true,\"height\":\"expand\"},\"children\":[{\"type\":\"row\",\"children\":[{\"type\":\"column\",\"props\":{\"position_sticky_breakpoint\":\"m\",\"image_position\":\"center-center\",\"media_overlay_gradient\":\"\"},\"children\":[{\"type\":\"headline\",\"props\":{\"title_element\":\"h1\",\"title_color\":\"success\"},\"source\":{\"query\":{\"name\":\"pages.singlePage\"},\"props\":{\"content\":{\"filters\":{\"search\":\"\"},\"name\":\"title\"}}}}]}]},{\"type\":\"row\",\"props\":{\"layout\":\"1-2,1-2\"},\"children\":[{\"type\":\"column\",\"props\":{\"position_sticky_breakpoint\":\"m\",\"image_position\":\"center-center\",\"media_overlay_gradient\":\"\",\"width_medium\":\"1-2\"},\"children\":[{\"type\":\"text\",\"props\":{\"margin\":\"default\",\"column_breakpoint\":\"m\",\"content\":\"\n\n<p>O espa\\u00e7o de aprendizagem on-line servir\\u00e1 como um balc\\u00e3o \\u00fanico, fornecendo acesso instant\\u00e2neo ao conjunto completo de recursos de aprendizagem e outros Recursos Educativos Abertos (REA) que ser\\u00e3o identificados como \\u00fateis na fase de prepara\\u00e7\\u00e3o. Todo o material que ser\\u00e1 desenvolvido durante o ciclo de vida do projeto ser\\u00e1 carregado no espa\\u00e7o de aprendizagem on-line de forma acess\\u00edvel. O espa\\u00e7o de aprendizagem on-line hospedar\\u00e1 material de forma\\u00e7\\u00e3o em diferentes formatos que os prestadores de EFP, formadores, educadores e outras partes interessadas ser\\u00e3o incentivados a utilizar e a aceder para aprender mais sobre o quadro DigComp.<\\\/p>\"}},{\"type\":\"button\",\"props\":{\"grid_column_gap\":\"small\",\"grid_row_gap\":\"small\",\"margin\":\"default\"},\"children\":[{\"type\":\"button_item\",\"props\":{\"button_style\":\"primary\",\"icon_align\":\"left\",\"content\":\"Visitar plataforma\",\"link\":\"https:\\\/\\\/elearning.grooveproject.eu\\\/\",\"link_target\":\"blank\"}}]}]},{\"type\":\"column\",\"props\":{\"position_sticky_breakpoint\":\"m\",\"image_position\":\"center-center\",\"media_overlay_gradient\":\"\",\"width_medium\":\"1-2\",\"vertical_align\":\"middle\"},\"children\":[{\"type\":\"image\",\"props\":{\"margin\":\"default\",\"image_svg_color\":\"emphasis\",\"image\":\"wp-content\\\/uploads\\\/2022\\\/05\\\/elearning-inner.svg\"}}]}]},{\"type\":\"row\",\"props\":{\"layout\":\"1-3,1-3,1-3\"},\"children\":[{\"type\":\"column\",\"props\":{\"position_sticky_breakpoint\":\"m\",\"image_position\":\"center-center\",\"media_overlay_gradient\":\"\",\"width_medium\":\"1-3\"},\"children\":[{\"type\":\"text\",\"props\":{\"margin\":\"default\",\"column_breakpoint\":\"m\",\"content\":\"\n\n<h5><strong>Kit de Ferramentas para o desenvolvimento de uma estrat\\u00e9gia digital no setor de EFP<\\\/strong><\\\/h5>\\n\n\n<p>O Toolkit do GROOVE refere-se ao desenvolvimento de um pacote de suporte para permitir que os prestadores de EFP reflitam e melhorem a sua compet\\u00eancia digital, equipando-os com estrat\\u00e9gias para melhorar as compet\\u00eancias digitais dos formadores e formandos.<\\\/p>\",\"class\":\"results-home-content\"}}]},{\"type\":\"column\",\"props\":{\"position_sticky_breakpoint\":\"m\",\"image_position\":\"center-center\",\"media_overlay_gradient\":\"\",\"width_medium\":\"1-3\"},\"children\":[{\"type\":\"text\",\"props\":{\"margin\":\"default\",\"column_breakpoint\":\"m\",\"class\":\"results-home-content\",\"content\":\"\n\n<h5><strong>Programa de forma\\u00e7\\u00e3o em transforma\\u00e7\\u00e3o digital para prestadores\\\/formadores de EFP<\\\/strong><\\\/h5>\\n\n\n<p>Esta forma\\u00e7\\u00e3o desenvolver\\u00e1 as capacidades dos prestadores\\\/formadores de EFP na concep\\u00e7\\u00e3o de programas educativos hol\\u00edsticos que promovam as compet\\u00eancias digitais dos formandos. O curso ser\\u00e1 disponibilizado em formato de microcredenciais e ser\\u00e1 f\\u00e1cil de armazenar e exibir no Europass e na sua infraestrutura de credenciais digitais.<\\\/p>\"}}]},{\"type\":\"column\",\"props\":{\"position_sticky_breakpoint\":\"m\",\"image_position\":\"center-center\",\"media_overlay_gradient\":\"\",\"width_medium\":\"1-3\"},\"children\":[{\"type\":\"text\",\"props\":{\"margin\":\"default\",\"column_breakpoint\":\"m\",\"class\":\"results-home-content\",\"content\":\"\n\n<h5><strong>Material \\u00fatil<\\\/strong><\\\/h5>\\n\n\n<p>Nesta sec\\u00e7\\u00e3o pode encontrar mais recursos \\u00fateis para melhorar a sua compet\\u00eancia na digitaliza\\u00e7\\u00e3o das suas pr\\u00e1ticas e a estrat\\u00e9gia de digitaliza\\u00e7\\u00e3o da sua organiza\\u00e7\\u00e3o.<\\\/p>\\n\n\n<div class=\\\"tm-grid-expand uk-grid-margin uk-grid\\\" uk-grid=\\\"\\\">\\n\n\n<div class=\\\"uk-width-1-3@m uk-first-column\\\">\\n\n\n<div class=\\\"uk-panel results-home-content uk-margin\\\" data-id=\\\"page#0-2-0-0\\\"><\\\/div>\\n<\\\/div>\\n<\\\/div>\"}}]}]}]}],\"version\":\"2.7.22\"} --><\/p>\n","protected":false},"excerpt":{"rendered":"<p>O espa\u00e7o de aprendizagem on-line servir\u00e1 como um balc\u00e3o \u00fanico, fornecendo acesso instant\u00e2neo ao conjunto completo de recursos de aprendizagem e outros Recursos Educativos Abertos..<\/p>\n","protected":false},"author":1,"featured_media":0,"parent":0,"menu_order":0,"comment_status":"closed","ping_status":"closed","template":"","meta":{"inline_featured_image":false,"footnotes":""},"class_list":["post-754","page","type-page","status-publish","hentry"],"_links":{"self":[{"href":"https:\/\/grooveproject.eu\/pt-pt\/wp-json\/wp\/v2\/pages\/754","targetHints":{"allow":["GET"]}}],"collection":[{"href":"https:\/\/grooveproject.eu\/pt-pt\/wp-json\/wp\/v2\/pages"}],"about":[{"href":"https:\/\/grooveproject.eu\/pt-pt\/wp-json\/wp\/v2\/types\/page"}],"author":[{"embeddable":true,"href":"https:\/\/grooveproject.eu\/pt-pt\/wp-json\/wp\/v2\/users\/1"}],"replies":[{"embeddable":true,"href":"https:\/\/grooveproject.eu\/pt-pt\/wp-json\/wp\/v2\/comments?post=754"}],"version-history":[{"count":2,"href":"https:\/\/grooveproject.eu\/pt-pt\/wp-json\/wp\/v2\/pages\/754\/revisions"}],"predecessor-version":[{"id":1300,"href":"https:\/\/grooveproject.eu\/pt-pt\/wp-json\/wp\/v2\/pages\/754\/revisions\/1300"}],"wp:attachment":[{"href":"https:\/\/grooveproject.eu\/pt-pt\/wp-json\/wp\/v2\/media?parent=754"}],"curies":[{"name":"wp","href":"https:\/\/api.w.org\/{rel}","templated":true}]}}