{"id":743,"date":"2022-03-21T06:09:31","date_gmt":"2022-03-21T06:09:31","guid":{"rendered":"https:\/\/grooveproject.eu\/resources\/"},"modified":"2024-01-29T12:08:24","modified_gmt":"2024-01-29T12:08:24","slug":"resources","status":"publish","type":"page","link":"https:\/\/grooveproject.eu\/pt-pt\/resources\/","title":{"rendered":"Recursos"},"content":{"rendered":"<div>\n<h5><strong>Kit de Ferramentas para o desenvolvimento de uma estrat\u00e9gia digital no setor de EFP<\/strong><\/h5>\n<p>O Toolkit do GROOVE refere-se ao desenvolvimento de um pacote de suporte para permitir que os prestadores de EFP reflitam e melhorem a sua compet\u00eancia digital, equipando-os com estrat\u00e9gias para melhorar as compet\u00eancias digitais dos formadores e formandos.<\/p>\n<p><a class=\"uk-button uk-button-primary\" href=\"\/wp-content\/uploads\/2023\/03\/GROOVE_Toolkit-PT.pdf\" target=\"_blank\" rel=\"noopener\">Descarregar o kit de ferramentas<\/a><\/p>\n<\/p>\n<h5><strong>Tutor inteligente de transforma\u00e7\u00e3o digital e espa\u00e7o de aprendizagem online<\/strong><\/h5>\n<p>O tutor inteligente de transforma\u00e7\u00e3o digital GROOVE ser\u00e1 um guia interativo para o desenvolvimento de um plano de a\u00e7\u00e3o digital integrado numa plataforma de aprendizagem online com recursos digitais, REAs e ferramentas para transformar o setor de EFP.<\/p>\n<p><a class=\"uk-button uk-button-primary\" href=\"https:\/\/elearning.grooveproject.eu\/\" target=\"_blank\" rel=\"noopener\">Visite a plataforma de e-learning<\/a><\/p>\n<h5><strong>Programa de forma\u00e7\u00e3o em transforma\u00e7\u00e3o digital para prestadores\/formadores de EFP<\/strong><\/h5>\n<p>Esta forma\u00e7\u00e3o desenvolver\u00e1 as capacidades dos prestadores\/formadores de EFP na concep\u00e7\u00e3o de programas educativos hol\u00edsticos que promovam as compet\u00eancias digitais dos formandos.<\/p>\n<p><a class=\"uk-button uk-button-primary\" href=\"\/wp-content\/uploads\/2024\/01\/GROOVE_R3_Digital-Transformation-Training-Programme_PT.pdf\" target=\"_blank\" rel=\"noopener\">Descarregar Programa<\/a><\/p>\n<\/div>\n<p><iframe src=\"https:\/\/youtu.be\/s-SGIcz0VzE\"><\/iframe><br \/>\n<img decoding=\"async\" src=\"\/wp-content\/uploads\/2022\/04\/results-image.svg\" alt=\"\"><\/p>\n<p><!--more--><br \/>\n<!-- {\"type\":\"layout\",\"children\":[{\"type\":\"section\",\"props\":{\"style\":\"default\",\"width\":\"default\",\"vertical_align\":\"middle\",\"title_position\":\"top-left\",\"title_rotation\":\"left\",\"title_breakpoint\":\"xl\",\"image_position\":\"center-center\",\"padding_remove_top\":true,\"height\":\"expand\"},\"children\":[{\"type\":\"row\",\"children\":[{\"type\":\"column\",\"props\":{\"position_sticky_breakpoint\":\"m\",\"image_position\":\"center-center\",\"media_overlay_gradient\":\"\"},\"children\":[{\"type\":\"headline\",\"props\":{\"title_element\":\"h1\",\"title_style\":\"h1\",\"title_color\":\"success\",\"text_align\":\"left\"},\"name\":\"headline-pages\",\"source\":{\"query\":{\"name\":\"pages.singlePage\"},\"props\":{\"content\":{\"filters\":{\"search\":\"\"},\"name\":\"title\"}}}}]}]},{\"type\":\"row\",\"props\":{\"layout\":\"2-3,1-3\"},\"children\":[{\"type\":\"column\",\"props\":{\"position_sticky_breakpoint\":\"m\",\"image_position\":\"center-center\",\"media_overlay_gradient\":\"\",\"width_medium\":\"2-3\"},\"children\":[{\"type\":\"text\",\"props\":{\"margin\":\"default\",\"column_breakpoint\":\"m\",\"content\":\"\n\n<h5><strong>Kit de Ferramentas para o desenvolvimento de uma estrat\\u00e9gia digital no setor de EFP<\\\/strong><\\\/h5>\\n\n\n<p>O Toolkit do GROOVE refere-se ao desenvolvimento de um pacote de suporte para permitir que os prestadores de EFP reflitam e melhorem a sua compet\\u00eancia digital, equipando-os com estrat\\u00e9gias para melhorar as compet\\u00eancias digitais dos formadores e formandos.<\\\/p>\\n\n\n<p><a class=\\\"uk-button uk-button-primary\\\" href=\\\"\\\/wp-content\\\/uploads\\\/2023\\\/03\\\/GROOVE_Toolkit-PT.pdf\\\" target=\\\"_blank\\\" rel=\\\"noopener\\\">Descarregar o kit de ferramentas<\\\/a><\\\/p>\\n\n\n<p><\\\/p>\\n\n\n<h5><strong>Tutor inteligente de transforma\\u00e7\\u00e3o digital e espa\\u00e7o de aprendizagem online<\\\/strong><\\\/h5>\\n\n\n<p>O tutor inteligente de transforma\\u00e7\\u00e3o digital GROOVE ser\\u00e1 um guia interativo para o desenvolvimento de um plano de a\\u00e7\\u00e3o digital integrado numa plataforma de aprendizagem online com recursos digitais, REAs e ferramentas para transformar o setor de EFP.<\\\/p>\\n\n\n<p><a class=\\\"uk-button uk-button-primary\\\" href=\\\"https:\\\/\\\/elearning.grooveproject.eu\\\/\\\" target=\\\"_blank\\\" rel=\\\"noopener\\\">Visite a plataforma de e-learning<\\\/a><\\\/p>\\n\n\n<h5><strong>Programa de forma\\u00e7\\u00e3o em transforma\\u00e7\\u00e3o digital para prestadores\\\/formadores de EFP<\\\/strong><\\\/h5>\\n\n\n<p>Esta forma\\u00e7\\u00e3o desenvolver\\u00e1 as capacidades dos prestadores\\\/formadores de EFP na concep\\u00e7\\u00e3o de programas educativos hol\\u00edsticos que promovam as compet\\u00eancias digitais dos formandos.<\\\/p>\\n\n\n<p><a class=\\\"uk-button uk-button-primary\\\" href=\\\"\\\/wp-content\\\/uploads\\\/2024\\\/01\\\/GROOVE_R3_Digital-Transformation-Training-Programme_PT.pdf\\\" target=\\\"_blank\\\" rel=\\\"noopener\\\">Descarregar Programa<\\\/a><\\\/p>\",\"class\":\"results-home-content\"}},{\"type\":\"video\",\"props\":{\"video_controls\":true,\"margin\":\"default\",\"video\":\"https:\\\/\\\/youtu.be\\\/s-SGIcz0VzE\",\"css\":\".el-element iframe {\\n  height: 400px;\\n  width: 100%;\\n}\"}}]},{\"type\":\"column\",\"props\":{\"position_sticky_breakpoint\":\"m\",\"image_position\":\"center-center\",\"media_overlay_gradient\":\"\",\"width_medium\":\"1-3\",\"vertical_align\":\"middle\"},\"children\":[{\"type\":\"image\",\"props\":{\"margin\":\"default\",\"image_svg_color\":\"emphasis\",\"image\":\"wp-content\\\/uploads\\\/2022\\\/04\\\/results-image.svg\"}}]}]}]}],\"version\":\"2.7.22\"} --><\/p>\n","protected":false},"excerpt":{"rendered":"<p>Kit de Ferramentas para o desenvolvimento de uma estrat\u00e9gia digital no setor de EFP O Toolkit do GROOVE refere-se ao desenvolvimento de um pacote de..<\/p>\n","protected":false},"author":1,"featured_media":0,"parent":0,"menu_order":0,"comment_status":"closed","ping_status":"closed","template":"","meta":{"inline_featured_image":false,"footnotes":""},"class_list":["post-743","page","type-page","status-publish","hentry"],"_links":{"self":[{"href":"https:\/\/grooveproject.eu\/pt-pt\/wp-json\/wp\/v2\/pages\/743","targetHints":{"allow":["GET"]}}],"collection":[{"href":"https:\/\/grooveproject.eu\/pt-pt\/wp-json\/wp\/v2\/pages"}],"about":[{"href":"https:\/\/grooveproject.eu\/pt-pt\/wp-json\/wp\/v2\/types\/page"}],"author":[{"embeddable":true,"href":"https:\/\/grooveproject.eu\/pt-pt\/wp-json\/wp\/v2\/users\/1"}],"replies":[{"embeddable":true,"href":"https:\/\/grooveproject.eu\/pt-pt\/wp-json\/wp\/v2\/comments?post=743"}],"version-history":[{"count":6,"href":"https:\/\/grooveproject.eu\/pt-pt\/wp-json\/wp\/v2\/pages\/743\/revisions"}],"predecessor-version":[{"id":1353,"href":"https:\/\/grooveproject.eu\/pt-pt\/wp-json\/wp\/v2\/pages\/743\/revisions\/1353"}],"wp:attachment":[{"href":"https:\/\/grooveproject.eu\/pt-pt\/wp-json\/wp\/v2\/media?parent=743"}],"curies":[{"name":"wp","href":"https:\/\/api.w.org\/{rel}","templated":true}]}}