{"id":755,"date":"2022-02-24T14:11:37","date_gmt":"2022-02-24T14:11:37","guid":{"rendered":"https:\/\/grooveproject.eu\/elearning\/"},"modified":"2022-06-01T21:59:21","modified_gmt":"2022-06-01T21:59:21","slug":"elearning","status":"publish","type":"page","link":"https:\/\/grooveproject.eu\/es\/elearning\/","title":{"rendered":"eLearning"},"content":{"rendered":"<div>\n<p>El espacio de aprendizaje en l\u00ednea servir\u00e1 como una ventanilla \u00fanica que proporcionar\u00e1 acceso instant\u00e1neo al conjunto completo de recursos de aprendizaje y otros recursos abiertos online que se identificar\u00e1n como \u00fatiles en la fase de preparaci\u00f3n. Todo el material que se desarrollar\u00e1 durante el ciclo de vida del proyecto se cargar\u00e1 en el espacio de aprendizaje en l\u00ednea de una manera f\u00e1cil de usar. <br \/>El espacio de aprendizaje en l\u00ednea albergar\u00e1 material de capacitaci\u00f3n en diferentes formas a las que se alentar\u00e1 a los proveedores de FP, profesores \/ formadores, educadores y otras partes interesadas relevantes a acceder y beneficiarse para aprender m\u00e1s sobre el marco DigComp.<\/p>\n<\/div>\n<p><img decoding=\"async\" src=\"\/wp-content\/uploads\/2022\/05\/elearning-inner.svg\" alt=\"\"><\/p>\n<div>\n<h5><strong>El conjunto de herramientas para desarrollar una estrategia digital en la FP<\/strong><\/h5>\n<p>El kit de herramientas GROOVE se refiere al desarrollo de un paquete de apoyo atractivo para permitir a los proveedores de FP reflexionar y mejorar su preparaci\u00f3n digital, estando equipados con estrategias para mejorar las habilidades digitales de los formadores \/ profesores y los estudiantes.<\/p>\n<\/div>\n<div>\n<h5><strong>El Programa de formaci\u00f3n en transformaci\u00f3n digital para proveedores\/formadores de FP<\/strong><\/h5>\n<p>Esta formaci\u00f3n fomentar\u00e1 las capacidades de los proveedores\/formadores de FP en el dise\u00f1o de programas educativos hol\u00edsticos que fomenten las competencias digitales de los alumnos. El curso se ofrecer\u00e1 en formato de microcredenciales y ser\u00e1 f\u00e1cil de almacenar y exhibir en Europass y su infraestructura de credenciales digitales.<\/p>\n<\/div>\n<div>\n<h5><strong>Material \u00fatil<\/strong><\/h5>\n<p>\u00a0En esta secci\u00f3n, puede encontrar recursos m\u00e1s \u00fatiles para mejorar su competencia en la digitalizaci\u00f3n de sus pr\u00e1cticas y la estrategia de digitalizaci\u00f3n de sus organizaciones.<\/p>\n<div class=\"tm-grid-expand uk-grid-margin uk-grid\" uk-grid=\"\">\n<div class=\"uk-width-1-3@m uk-first-column\">\n<div class=\"uk-panel results-home-content uk-margin\" data-id=\"page#0-2-0-0\"><\/div>\n<\/div>\n<\/div>\n<\/div>\n<p><!--more--><br \/>\n<!-- {\"type\":\"layout\",\"children\":[{\"type\":\"section\",\"props\":{\"style\":\"default\",\"width\":\"default\",\"vertical_align\":\"middle\",\"title_position\":\"top-left\",\"title_rotation\":\"left\",\"title_breakpoint\":\"xl\",\"image_position\":\"center-center\",\"padding_remove_top\":true,\"height\":\"expand\"},\"children\":[{\"type\":\"row\",\"children\":[{\"type\":\"column\",\"props\":{\"position_sticky_breakpoint\":\"m\",\"image_position\":\"center-center\",\"media_overlay_gradient\":\"\"},\"children\":[{\"type\":\"headline\",\"props\":{\"title_element\":\"h1\",\"title_color\":\"success\"},\"source\":{\"query\":{\"name\":\"pages.singlePage\"},\"props\":{\"content\":{\"filters\":{\"search\":\"\"},\"name\":\"title\"}}}}]}]},{\"type\":\"row\",\"props\":{\"layout\":\"1-2,1-2\"},\"children\":[{\"type\":\"column\",\"props\":{\"position_sticky_breakpoint\":\"m\",\"image_position\":\"center-center\",\"media_overlay_gradient\":\"\",\"width_medium\":\"1-2\"},\"children\":[{\"type\":\"text\",\"props\":{\"margin\":\"default\",\"column_breakpoint\":\"m\",\"content\":\"\n\n<p>El espacio de aprendizaje en l\\u00ednea servir\\u00e1 como una ventanilla \\u00fanica que proporcionar\\u00e1 acceso instant\\u00e1neo al conjunto completo de recursos de aprendizaje y otros recursos abiertos online que se identificar\\u00e1n como \\u00fatiles en la fase de preparaci\\u00f3n. Todo el material que se desarrollar\\u00e1 durante el ciclo de vida del proyecto se cargar\\u00e1 en el espacio de aprendizaje en l\\u00ednea de una manera f\\u00e1cil de usar. <br \\\/>El espacio de aprendizaje en l\\u00ednea albergar\\u00e1 material de capacitaci\\u00f3n en diferentes formas a las que se alentar\\u00e1 a los proveedores de FP, profesores \\\/ formadores, educadores y otras partes interesadas relevantes a acceder y beneficiarse para aprender m\\u00e1s sobre el marco DigComp.<\\\/p>\"}}]},{\"type\":\"column\",\"props\":{\"position_sticky_breakpoint\":\"m\",\"image_position\":\"center-center\",\"media_overlay_gradient\":\"\",\"width_medium\":\"1-2\",\"vertical_align\":\"middle\"},\"children\":[{\"type\":\"image\",\"props\":{\"margin\":\"default\",\"image_svg_color\":\"emphasis\",\"image\":\"wp-content\\\/uploads\\\/2022\\\/05\\\/elearning-inner.svg\"}}]}]},{\"type\":\"row\",\"props\":{\"layout\":\"1-3,1-3,1-3\"},\"children\":[{\"type\":\"column\",\"props\":{\"position_sticky_breakpoint\":\"m\",\"image_position\":\"center-center\",\"media_overlay_gradient\":\"\",\"width_medium\":\"1-3\"},\"children\":[{\"type\":\"text\",\"props\":{\"margin\":\"default\",\"column_breakpoint\":\"m\",\"content\":\"\n\n<h5><strong>El conjunto de herramientas para desarrollar una estrategia digital en la FP<\\\/strong><\\\/h5>\\n\n\n<p>El kit de herramientas GROOVE se refiere al desarrollo de un paquete de apoyo atractivo para permitir a los proveedores de FP reflexionar y mejorar su preparaci\\u00f3n digital, estando equipados con estrategias para mejorar las habilidades digitales de los formadores \\\/ profesores y los estudiantes.<\\\/p>\",\"class\":\"results-home-content\"}}]},{\"type\":\"column\",\"props\":{\"position_sticky_breakpoint\":\"m\",\"image_position\":\"center-center\",\"media_overlay_gradient\":\"\",\"width_medium\":\"1-3\"},\"children\":[{\"type\":\"text\",\"props\":{\"margin\":\"default\",\"column_breakpoint\":\"m\",\"class\":\"results-home-content\",\"content\":\"\n\n<h5><strong>El Programa de formaci\\u00f3n en transformaci\\u00f3n digital para proveedores\\\/formadores de FP<\\\/strong><\\\/h5>\\n\n\n<p>Esta formaci\\u00f3n fomentar\\u00e1 las capacidades de los proveedores\\\/formadores de FP en el dise\\u00f1o de programas educativos hol\\u00edsticos que fomenten las competencias digitales de los alumnos. El curso se ofrecer\\u00e1 en formato de microcredenciales y ser\\u00e1 f\\u00e1cil de almacenar y exhibir en Europass y su infraestructura de credenciales digitales.<\\\/p>\"}}]},{\"type\":\"column\",\"props\":{\"position_sticky_breakpoint\":\"m\",\"image_position\":\"center-center\",\"media_overlay_gradient\":\"\",\"width_medium\":\"1-3\"},\"children\":[{\"type\":\"text\",\"props\":{\"margin\":\"default\",\"column_breakpoint\":\"m\",\"class\":\"results-home-content\",\"content\":\"\n\n<h5><strong>Material \\u00fatil<\\\/strong><\\\/h5>\\n\n\n<p>\\u00a0En esta secci\\u00f3n, puede encontrar recursos m\\u00e1s \\u00fatiles para mejorar su competencia en la digitalizaci\\u00f3n de sus pr\\u00e1cticas y la estrategia de digitalizaci\\u00f3n de sus organizaciones.<\\\/p>\\n\n\n<div class=\\\"tm-grid-expand uk-grid-margin uk-grid\\\" uk-grid=\\\"\\\">\\n\n\n<div class=\\\"uk-width-1-3@m uk-first-column\\\">\\n\n\n<div class=\\\"uk-panel results-home-content uk-margin\\\" data-id=\\\"page#0-2-0-0\\\"><\\\/div>\\n<\\\/div>\\n<\\\/div>\"}}]}]}]}],\"version\":\"2.7.22\"} --><\/p>\n","protected":false},"excerpt":{"rendered":"<p>El espacio de aprendizaje en l\u00ednea servir\u00e1 como una ventanilla \u00fanica que proporcionar\u00e1 acceso instant\u00e1neo al conjunto completo de recursos de aprendizaje y otros recursos..<\/p>\n","protected":false},"author":1,"featured_media":0,"parent":0,"menu_order":0,"comment_status":"closed","ping_status":"closed","template":"","meta":{"inline_featured_image":false,"footnotes":""},"class_list":["post-755","page","type-page","status-publish","hentry"],"_links":{"self":[{"href":"https:\/\/grooveproject.eu\/es\/wp-json\/wp\/v2\/pages\/755","targetHints":{"allow":["GET"]}}],"collection":[{"href":"https:\/\/grooveproject.eu\/es\/wp-json\/wp\/v2\/pages"}],"about":[{"href":"https:\/\/grooveproject.eu\/es\/wp-json\/wp\/v2\/types\/page"}],"author":[{"embeddable":true,"href":"https:\/\/grooveproject.eu\/es\/wp-json\/wp\/v2\/users\/1"}],"replies":[{"embeddable":true,"href":"https:\/\/grooveproject.eu\/es\/wp-json\/wp\/v2\/comments?post=755"}],"version-history":[{"count":1,"href":"https:\/\/grooveproject.eu\/es\/wp-json\/wp\/v2\/pages\/755\/revisions"}],"predecessor-version":[{"id":812,"href":"https:\/\/grooveproject.eu\/es\/wp-json\/wp\/v2\/pages\/755\/revisions\/812"}],"wp:attachment":[{"href":"https:\/\/grooveproject.eu\/es\/wp-json\/wp\/v2\/media?parent=755"}],"curies":[{"name":"wp","href":"https:\/\/api.w.org\/{rel}","templated":true}]}}