{"id":744,"date":"2022-03-21T06:09:31","date_gmt":"2022-03-21T06:09:31","guid":{"rendered":"https:\/\/grooveproject.eu\/resources\/"},"modified":"2024-01-29T12:10:24","modified_gmt":"2024-01-29T12:10:24","slug":"resources","status":"publish","type":"page","link":"https:\/\/grooveproject.eu\/es\/resources\/","title":{"rendered":"Recursos"},"content":{"rendered":"<div>\n<h5><strong>Kit de herramientas para desarrollar una estrategia digital en la FP<\/strong><\/h5>\n<p>El kit de herramientas GROOVE se refiere al desarrollo de un paquete de apoyo atractivo para permitir a los proveedores de FP reflexionar y mejorar su preparaci\u00f3n digital, estando equipados con estrategias para mejorar las habilidades digitales de los formadores\/ profesores y los alumnos.<\/p>\n<p><a class=\"uk-button uk-button-primary\" href=\"\/wp-content\/uploads\/2023\/03\/GROOVE_Toolkit-ES.pdf\" target=\"_blank\" rel=\"noopener\">Descargar kit de herramientas<\/a><\/p>\n<h5><strong>Tutor inteligente de transformaci\u00f3n digital y espacio de aprendizaje en l\u00ednea<\/strong><\/h5>\n<p>El tutor inteligente de transformaci\u00f3n digital GROOVE que ser\u00e1 una gu\u00eda interactiva para desarrollar un plan de acci\u00f3n digital integrado en una plataforma de aprendizaje en l\u00ednea con recursos digitales, y herramientas para transformar el sector de la FP.<\/p>\n<p><a class=\"uk-button uk-button-primary\" href=\"https:\/\/elearning.grooveproject.eu\/\" target=\"_blank\" rel=\"noopener\">Visite la plataforma de elearning<\/a><\/p>\n<h5><strong>Programa de formaci\u00f3n en transformaci\u00f3n digital para proveedores\/formadores de FP<\/strong><\/h5>\n<p>Esta formaci\u00f3n fomentar\u00e1 las capacidades de los proveedores\/formadores de FP en el dise\u00f1o de programas educativos hol\u00edsticos que fomenten las competencias digitales de los alumnos.<\/p>\n<p><a class=\"uk-button uk-button-primary\" href=\"\/wp-content\/uploads\/2024\/01\/GROOVE_PR3_Training-Programme_ES.pdf\" target=\"_blank\" rel=\"noopener\">Descargar Programa<\/a><\/p>\n<\/div>\n<p><iframe src=\"https:\/\/youtu.be\/s-SGIcz0VzE\"><\/iframe><br \/>\n<img decoding=\"async\" src=\"\/wp-content\/uploads\/2022\/04\/results-image.svg\" alt=\"\"><\/p>\n<p><!--more--><br \/>\n<!-- {\"type\":\"layout\",\"children\":[{\"type\":\"section\",\"props\":{\"style\":\"default\",\"width\":\"default\",\"vertical_align\":\"middle\",\"title_position\":\"top-left\",\"title_rotation\":\"left\",\"title_breakpoint\":\"xl\",\"image_position\":\"center-center\",\"padding_remove_top\":true,\"height\":\"expand\"},\"children\":[{\"type\":\"row\",\"children\":[{\"type\":\"column\",\"props\":{\"position_sticky_breakpoint\":\"m\",\"image_position\":\"center-center\",\"media_overlay_gradient\":\"\"},\"children\":[{\"type\":\"headline\",\"props\":{\"title_element\":\"h1\",\"title_style\":\"h1\",\"title_color\":\"success\",\"text_align\":\"left\"},\"name\":\"headline-pages\",\"source\":{\"query\":{\"name\":\"pages.singlePage\"},\"props\":{\"content\":{\"filters\":{\"search\":\"\"},\"name\":\"title\"}}}}]}]},{\"type\":\"row\",\"props\":{\"layout\":\"2-3,1-3\"},\"children\":[{\"type\":\"column\",\"props\":{\"position_sticky_breakpoint\":\"m\",\"image_position\":\"center-center\",\"media_overlay_gradient\":\"\",\"width_medium\":\"2-3\"},\"children\":[{\"type\":\"text\",\"props\":{\"margin\":\"default\",\"column_breakpoint\":\"m\",\"content\":\"\n\n<h5><strong>Kit de herramientas para desarrollar una estrategia digital en la FP<\\\/strong><\\\/h5>\\n\n\n<p>El kit de herramientas GROOVE se refiere al desarrollo de un paquete de apoyo atractivo para permitir a los proveedores de FP reflexionar y mejorar su preparaci\\u00f3n digital, estando equipados con estrategias para mejorar las habilidades digitales de los formadores\\\/ profesores y los alumnos.<\\\/p>\\n\n\n<p><a class=\\\"uk-button uk-button-primary\\\" href=\\\"\\\/wp-content\\\/uploads\\\/2023\\\/03\\\/GROOVE_Toolkit-ES.pdf\\\" target=\\\"_blank\\\" rel=\\\"noopener\\\">Descargar kit de herramientas<\\\/a><\\\/p>\\n\n\n<h5><strong>Tutor inteligente de transformaci\\u00f3n digital y espacio de aprendizaje en l\\u00ednea<\\\/strong><\\\/h5>\\n\n\n<p>El tutor inteligente de transformaci\\u00f3n digital GROOVE que ser\\u00e1 una gu\\u00eda interactiva para desarrollar un plan de acci\\u00f3n digital integrado en una plataforma de aprendizaje en l\\u00ednea con recursos digitales, y herramientas para transformar el sector de la FP.<\\\/p>\\n\n\n<p><a class=\\\"uk-button uk-button-primary\\\" href=\\\"https:\\\/\\\/elearning.grooveproject.eu\\\/\\\" target=\\\"_blank\\\" rel=\\\"noopener\\\">Visite la plataforma de elearning<\\\/a><\\\/p>\\n\n\n<h5><strong>Programa de formaci\\u00f3n en transformaci\\u00f3n digital para proveedores\\\/formadores de FP<\\\/strong><\\\/h5>\\n\n\n<p>Esta formaci\\u00f3n fomentar\\u00e1 las capacidades de los proveedores\\\/formadores de FP en el dise\\u00f1o de programas educativos hol\\u00edsticos que fomenten las competencias digitales de los alumnos.<\\\/p>\\n\n\n<p><a class=\\\"uk-button uk-button-primary\\\" href=\\\"\\\/wp-content\\\/uploads\\\/2024\\\/01\\\/GROOVE_PR3_Training-Programme_ES.pdf\\\" target=\\\"_blank\\\" rel=\\\"noopener\\\">Descargar Programa<\\\/a><\\\/p>\",\"class\":\"results-home-content\"}},{\"type\":\"video\",\"props\":{\"video_controls\":true,\"margin\":\"default\",\"css\":\".el-element iframe {\\n  height: 400px;\\n  width: 100%;\\n}\",\"video\":\"https:\\\/\\\/youtu.be\\\/s-SGIcz0VzE\"}}]},{\"type\":\"column\",\"props\":{\"position_sticky_breakpoint\":\"m\",\"image_position\":\"center-center\",\"media_overlay_gradient\":\"\",\"width_medium\":\"1-3\",\"vertical_align\":\"middle\"},\"children\":[{\"type\":\"image\",\"props\":{\"margin\":\"default\",\"image_svg_color\":\"emphasis\",\"image\":\"wp-content\\\/uploads\\\/2022\\\/04\\\/results-image.svg\"}}]}]}]}],\"version\":\"2.7.22\"} --><\/p>\n","protected":false},"excerpt":{"rendered":"<p>Kit de herramientas para desarrollar una estrategia digital en la FP El kit de herramientas GROOVE se refiere al desarrollo de un paquete de apoyo..<\/p>\n","protected":false},"author":1,"featured_media":0,"parent":0,"menu_order":0,"comment_status":"closed","ping_status":"closed","template":"","meta":{"inline_featured_image":false,"footnotes":""},"class_list":["post-744","page","type-page","status-publish","hentry"],"_links":{"self":[{"href":"https:\/\/grooveproject.eu\/es\/wp-json\/wp\/v2\/pages\/744","targetHints":{"allow":["GET"]}}],"collection":[{"href":"https:\/\/grooveproject.eu\/es\/wp-json\/wp\/v2\/pages"}],"about":[{"href":"https:\/\/grooveproject.eu\/es\/wp-json\/wp\/v2\/types\/page"}],"author":[{"embeddable":true,"href":"https:\/\/grooveproject.eu\/es\/wp-json\/wp\/v2\/users\/1"}],"replies":[{"embeddable":true,"href":"https:\/\/grooveproject.eu\/es\/wp-json\/wp\/v2\/comments?post=744"}],"version-history":[{"count":6,"href":"https:\/\/grooveproject.eu\/es\/wp-json\/wp\/v2\/pages\/744\/revisions"}],"predecessor-version":[{"id":1360,"href":"https:\/\/grooveproject.eu\/es\/wp-json\/wp\/v2\/pages\/744\/revisions\/1360"}],"wp:attachment":[{"href":"https:\/\/grooveproject.eu\/es\/wp-json\/wp\/v2\/media?parent=744"}],"curies":[{"name":"wp","href":"https:\/\/api.w.org\/{rel}","templated":true}]}}