{"id":776,"date":"2022-02-24T14:11:37","date_gmt":"2022-02-24T14:11:37","guid":{"rendered":"https:\/\/grooveproject.eu\/home\/"},"modified":"2024-02-13T11:09:07","modified_gmt":"2024-02-13T11:09:07","slug":"home","status":"publish","type":"page","link":"https:\/\/grooveproject.eu\/de\/","title":{"rendered":"Startseite"},"content":{"rendered":"<p><img decoding=\"async\" src=\"\/wp-content\/uploads\/2022\/04\/intro-logo.svg\" alt=\"\"><br \/>\n<img decoding=\"async\" src=\"\/wp-content\/uploads\/2022\/04\/groove-letters-grouped.svg\" alt=\"GROOVE\"><\/p>\n<h1>\n<p>Digital Transformation<br \/>of the Vet Sector<strong><br \/><\/strong><\/p>\n<\/h1>\n<p><img decoding=\"async\" src=\"\/wp-content\/uploads\/2022\/04\/intro-illustration.svg\" alt=\"\"><\/p>\n<h2>Hintergrund<\/h2>\n<div>\n<p>Die Berufsbildung ist ein integraler Bestandteil der Bildung und bietet Systeme des lebenslangen Lernens, die den Menschen F\u00e4higkeiten vermitteln, die den Anforderungen der Wirtschaft entsprechen, aber auch F\u00e4higkeiten, die f\u00fcr die pers\u00f6nliche Entwicklung und die aktive B\u00fcrgerschaft wichtig sind. Die Europ\u00e4ische Kommission betont, dass die Berufsbildung f\u00fcr das digitale Zeitalter fit gemacht werden muss, da die Berufsbildung eine entscheidende Rolle dabei spielen wird, den Menschen nach der Coronavirus-Krise bei der Arbeitssuche zu helfen.<\/p>\n<p>Daher zielt das GROOVE-Projekt darauf ab, die Kapazit\u00e4ten von Berufsbildungsanbietern und -ausbildern f\u00fcr die Digitalisierung und die Modernisierung ihrer Praktiken zu st\u00e4rken, die digitalen Kompetenzen gering qualifizierter Erwachsener zu verbessern und die L\u00fccke zwischen der Nachfrage nach und dem Angebot an digital kompetenten Arbeitskr\u00e4ften zu schlie\u00dfen, indem der Berufsbildungssektor so angepasst wird, dass er den raschen technologischen und arbeitsmarktbezogenen Ver\u00e4nderungen besser standhalten kann.<\/p>\n<\/div>\n<p>\n    <a href=\"\/wp-content\/uploads\/2024\/02\/GROOVE_leafletdesign_DE.pdf\">Das Faltblatt herunterladen<\/a>\n<\/p>\n<p><img decoding=\"async\" src=\"\/wp-content\/uploads\/2022\/04\/about-image-grouped.svg\" alt=\"\"><\/p>\n<h2>Ziele<\/h2>\n<div>\n<p>Das GROOVE-Projekt zielt darauf ab, die Kapazit\u00e4ten von Berufsbildungsanbietern und -ausbildern zur Digitalisierung und Modernisierung ihrer Praktiken zu st\u00e4rken und die digitale Kompetenz der Lernenden in der Berufsbildung zu f\u00f6rdern. Die spezifischen Ziele sind:<\/p>\n<ul>\n<li>Verbesserung der Kompetenzen von Berufsbildungsanbietern\/Ausbildern zur Vorbereitung und Umsetzung eines Aktionsplans f\u00fcr digitale Bildung<\/li>\n<li>Aufbau der Kapazit\u00e4ten von Lehrern\/Ausbildern in der beruflichen Bildung zur Modernisierung ihrer Unterrichtspraktiken durch p\u00e4dagogisch orientierte digitale Technologien, Online-Unterricht und Unterst\u00fctzung von Fernunterricht.<\/li>\n<li>Aufbau der Kompetenzen der Lernenden in der beruflichen Bildung, damit sie im modernen Zeitalter digital kompetent sind.<\/li>\n<li>Entwicklung innovativer Qualit\u00e4tsressourcen f\u00fcr Berufsbildungsanbieter, Lehrer\/Ausbilder und Lernende.<\/li>\n<li>F\u00f6rderung des Bewusstseins f\u00fcr die Bedeutung der digitalen Kompetenz f\u00fcr gering qualifizierte Erwachsene in Europa.<\/li>\n<\/ul>\n<\/div>\n<p><img decoding=\"async\" src=\"\/wp-content\/uploads\/2022\/04\/aims-image.svg\" alt=\"\"><\/p>\n<h2>Partner<\/h2>\n<div>\n<div class=\"uk-child-width-1-4@s uk-text-center uk-flex\" uk-grid uk-height-match>\n<div>\n        <img decoding=\"async\" src=\"\/wp-content\/uploads\/2022\/05\/CARDET_logo_highRes.png\" alt=\"CARDET\" \/><\/p>\n<h4><a href=\"https:\/\/cardet.org\" target=\"_blank\">CARDET<\/a><\/h4>\n<\/p><\/div>\n<div>\n        <img decoding=\"async\" src=\"\/wp-content\/uploads\/2022\/05\/dieberater_logo2019_RGB.jpg\" alt=\"DIE BERATER\" \/><\/p>\n<h4><a href=\"http:\/\/www.dieberater.com\" target=\"_blank\">DIE BERATER<\/a><\/h4>\n<\/p><\/div>\n<div>\n        <img decoding=\"async\" src=\"\/wp-content\/uploads\/2022\/05\/EUROTRAINING_LOGO.png\" alt=\"EUROTRAINING\" \/><\/p>\n<h4><a href=\"https:\/\/www.eurotraining.gr\/\" target=\"_blank\">EUROTRAINING<\/a><\/h4>\n<\/p><\/div>\n<div>\n        <img decoding=\"async\" src=\"\/wp-content\/uploads\/2022\/05\/fipl-logo.jpg\" alt=\"FIP\" \/><\/p>\n<h4><a href=\"http:\/\/www.futureinperspective.com\" target=\"_blank\">FIP<\/a><\/h4>\n<\/p><\/div>\n<\/div>\n<div class=\"uk-child-width-1-4@s uk-text-center uk-flex uk-margin-medium-top\" uk-grid uk-height-match>\n<div>\n        <img decoding=\"async\" src=\"\/wp-content\/uploads\/2022\/05\/inova_logo.jpg\" alt=\"INOVA+\" \/><\/p>\n<h4><a href=\"https:\/\/inova.business\/\" target=\"_blank\">INOVA+<\/a><\/h4>\n<\/p><\/div>\n<div>\n        <img decoding=\"async\" src=\"\/wp-content\/uploads\/2022\/05\/stpeuropa-logo.jpg\" alt=\"STPEUROPA\" \/><\/p>\n<h4><a href=\"https:\/\/www.stpeuropa.eu\" target=\"_blank\">STPEUROPA<\/a><\/h4>\n<\/p><\/div>\n<div>\n        <img decoding=\"async\" src=\"\/wp-content\/uploads\/2022\/05\/INNOVADE_logo.png\" alt=\"INNOVADE\" \/><\/p>\n<h4><a href=\"http:\/\/www.innovade.eu\/\" target=\"_blank\">INNOVADE<\/a><\/h4>\n<\/p><\/div>\n<\/div>\n<\/div>\n<div>\n<p><img loading=\"lazy\" decoding=\"async\" src=\"\/wp-content\/uploads\/2022\/02\/erasmus-logo.svg\" width=\"244\" height=\"58\" class=\"alignnone\" alt=\"\" \/><\/p>\n<p>The European Commission\u2019s support for the production of this publication does not constitute an endorsement of the contents which reflects the views only of the authors, and the Commission cannot be held responsible for any usewhich may be made of the information contained therein. [Project Number: 2021-1-CY01-KA220-VET-000033254]. <a href=\"https:\/\/grooveproject.eu\/privacy-policy\/\">Privacy Policy<\/a><\/p>\n<\/div>\n<p><img decoding=\"async\" src=\"\/wp-content\/uploads\/2022\/05\/partners.svg\" alt=\"\"><\/p>\n<p><!--more--><br \/>\n<!-- {\"type\":\"layout\",\"children\":[{\"type\":\"section\",\"props\":{\"style\":\"default\",\"width\":\"\",\"vertical_align\":\"middle\",\"title_position\":\"top-left\",\"title_rotation\":\"left\",\"title_breakpoint\":\"xl\",\"image_position\":\"center-center\",\"height\":\"full\",\"overlap\":false,\"class\":\"sections-wrapper\"},\"children\":[{\"type\":\"row\",\"props\":{\"class\":\"intro-logo-wrapper\"},\"children\":[{\"type\":\"column\",\"props\":{\"position_sticky_breakpoint\":\"m\",\"image_position\":\"center-center\",\"media_overlay_gradient\":\"\"},\"children\":[{\"type\":\"image\",\"props\":{\"margin\":\"default\",\"image_svg_color\":\"emphasis\",\"image\":\"wp-content\\\/uploads\\\/2022\\\/04\\\/intro-logo.svg\",\"class\":\"intro-logo\"}}]}]},{\"type\":\"row\",\"props\":{\"layout\":\"1-2,1-2\",\"id\":\"intro-row-id\",\"class\":\"section intro-row is-active\"},\"children\":[{\"type\":\"column\",\"props\":{\"position_sticky_breakpoint\":\"m\",\"image_position\":\"center-center\",\"media_overlay_gradient\":\"\",\"width_medium\":\"1-2\",\"order_first\":\"xs\",\"vertical_align\":\"middle\",\"class\":\"intro-heading\",\"width_small\":\"2-3\",\"width_default\":\"\"},\"children\":[{\"type\":\"image\",\"props\":{\"margin\":\"default\",\"image_svg_color\":\"emphasis\",\"image\":\"wp-content\\\/uploads\\\/2022\\\/04\\\/groove-letters-grouped.svg\",\"image_alt\":\"GROOVE\",\"class\":\"groove-letters\"}},{\"type\":\"headline\",\"props\":{\"title_element\":\"h1\",\"content\":\"\n\n<p>Digital Transformation<br \\\/>of the Vet Sector<strong><br \\\/><\\\/strong><\\\/p>\",\"title_style\":\"h1\"}}]},{\"type\":\"column\",\"props\":{\"position_sticky_breakpoint\":\"m\",\"image_position\":\"center-center\",\"media_overlay_gradient\":\"\",\"width_medium\":\"1-2\",\"order_first\":\"\",\"vertical_align\":\"middle\",\"class\":\"intro-illustration\",\"width_small\":\"1-3\",\"width_default\":\"\"},\"children\":[{\"type\":\"image\",\"props\":{\"margin\":\"default\",\"image_svg_color\":\"emphasis\",\"image\":\"wp-content\\\/uploads\\\/2022\\\/04\\\/intro-illustration.svg\",\"text_align\":\"center\"}}]}]},{\"type\":\"row\",\"props\":{\"layout\":\"1-2,1-2\",\"id\":\"section-1\",\"class\":\"section row-1\"},\"children\":[{\"type\":\"column\",\"props\":{\"position_sticky_breakpoint\":\"m\",\"image_position\":\"center-center\",\"media_overlay_gradient\":\"\",\"width_medium\":\"1-2\",\"order_first\":\"s\",\"class\":\"section-content\",\"vertical_align\":\"middle\",\"width_small\":\"2-3\"},\"children\":[{\"type\":\"headline\",\"props\":{\"title_element\":\"h2\",\"title_color\":\"primary\",\"content\":\"Hintergrund\",\"title_style\":\"h1\",\"class\":\"section-header\"}},{\"type\":\"text\",\"props\":{\"margin\":\"default\",\"column_breakpoint\":\"m\",\"content\":\"\n\n<p>Die Berufsbildung ist ein integraler Bestandteil der Bildung und bietet Systeme des lebenslangen Lernens, die den Menschen F\\u00e4higkeiten vermitteln, die den Anforderungen der Wirtschaft entsprechen, aber auch F\\u00e4higkeiten, die f\\u00fcr die pers\\u00f6nliche Entwicklung und die aktive B\\u00fcrgerschaft wichtig sind. Die Europ\\u00e4ische Kommission betont, dass die Berufsbildung f\\u00fcr das digitale Zeitalter fit gemacht werden muss, da die Berufsbildung eine entscheidende Rolle dabei spielen wird, den Menschen nach der Coronavirus-Krise bei der Arbeitssuche zu helfen.<\\\/p>\\n\n\n<p>Daher zielt das GROOVE-Projekt darauf ab, die Kapazit\\u00e4ten von Berufsbildungsanbietern und -ausbildern f\\u00fcr die Digitalisierung und die Modernisierung ihrer Praktiken zu st\\u00e4rken, die digitalen Kompetenzen gering qualifizierter Erwachsener zu verbessern und die L\\u00fccke zwischen der Nachfrage nach und dem Angebot an digital kompetenten Arbeitskr\\u00e4ften zu schlie\\u00dfen, indem der Berufsbildungssektor so angepasst wird, dass er den raschen technologischen und arbeitsmarktbezogenen Ver\\u00e4nderungen besser standhalten kann.<\\\/p>\",\"class\":\"section-inner-content\"}},{\"type\":\"button\",\"props\":{\"grid_column_gap\":\"small\",\"grid_row_gap\":\"small\",\"margin\":\"default\"},\"children\":[{\"type\":\"button_item\",\"props\":{\"button_style\":\"primary\",\"icon_align\":\"left\",\"content\":\"Das Faltblatt herunterladen\",\"link\":\"wp-content\\\/uploads\\\/2024\\\/02\\\/GROOVE_leafletdesign_DE.pdf\",\"link_target\":\"blank\"}}]}]},{\"type\":\"column\",\"props\":{\"position_sticky_breakpoint\":\"m\",\"image_position\":\"center-center\",\"media_overlay_gradient\":\"\",\"width_medium\":\"1-2\",\"order_first\":\"xs\",\"class\":\"section-image\",\"vertical_align\":\"middle\",\"width_small\":\"1-3\"},\"children\":[{\"type\":\"image\",\"props\":{\"margin\":\"remove-vertical\",\"image_svg_color\":\"emphasis\",\"image\":\"wp-content\\\/uploads\\\/2022\\\/04\\\/about-image-grouped.svg\",\"animation\":\"none\",\"class\":\"section-svg\"}}]}]},{\"type\":\"row\",\"props\":{\"layout\":\"1-2,1-2\",\"id\":\"section-2\",\"class\":\"section row-2\"},\"children\":[{\"type\":\"column\",\"props\":{\"position_sticky_breakpoint\":\"m\",\"image_position\":\"center-center\",\"media_overlay_gradient\":\"\",\"width_medium\":\"1-2\",\"order_first\":\"s\",\"class\":\"section-content\",\"vertical_align\":\"middle\",\"width_small\":\"2-3\"},\"children\":[{\"type\":\"headline\",\"props\":{\"title_element\":\"h2\",\"title_color\":\"primary\",\"content\":\"Ziele\",\"title_style\":\"h2\",\"class\":\"section-header\"}},{\"type\":\"text\",\"props\":{\"margin\":\"default\",\"column_breakpoint\":\"m\",\"content\":\"\n\n<p>Das GROOVE-Projekt zielt darauf ab, die Kapazit\\u00e4ten von Berufsbildungsanbietern und -ausbildern zur Digitalisierung und Modernisierung ihrer Praktiken zu st\\u00e4rken und die digitale Kompetenz der Lernenden in der Berufsbildung zu f\\u00f6rdern. Die spezifischen Ziele sind:<\\\/p>\\n\n\n<ul>\\n\n\n<li>Verbesserung der Kompetenzen von Berufsbildungsanbietern\\\/Ausbildern zur Vorbereitung und Umsetzung eines Aktionsplans f\\u00fcr digitale Bildung<\\\/li>\\n\n\n<li>Aufbau der Kapazit\\u00e4ten von Lehrern\\\/Ausbildern in der beruflichen Bildung zur Modernisierung ihrer Unterrichtspraktiken durch p\\u00e4dagogisch orientierte digitale Technologien, Online-Unterricht und Unterst\\u00fctzung von Fernunterricht.<\\\/li>\\n\n\n<li>Aufbau der Kompetenzen der Lernenden in der beruflichen Bildung, damit sie im modernen Zeitalter digital kompetent sind.<\\\/li>\\n\n\n<li>Entwicklung innovativer Qualit\\u00e4tsressourcen f\\u00fcr Berufsbildungsanbieter, Lehrer\\\/Ausbilder und Lernende.<\\\/li>\\n\n\n<li>F\\u00f6rderung des Bewusstseins f\\u00fcr die Bedeutung der digitalen Kompetenz f\\u00fcr gering qualifizierte Erwachsene in Europa.<\\\/li>\\n<\\\/ul>\",\"class\":\"section-inner-content\"}}]},{\"type\":\"column\",\"props\":{\"position_sticky_breakpoint\":\"m\",\"image_position\":\"center-center\",\"media_overlay_gradient\":\"\",\"width_medium\":\"1-2\",\"order_first\":\"xs\",\"class\":\"section-image\",\"vertical_align\":\"middle\",\"width_small\":\"1-3\"},\"children\":[{\"type\":\"image\",\"props\":{\"margin\":\"remove-vertical\",\"image_svg_color\":\"emphasis\",\"image\":\"wp-content\\\/uploads\\\/2022\\\/04\\\/aims-image.svg\",\"animation\":\"none\",\"class\":\"section-svg\"}}]}]},{\"type\":\"row\",\"props\":{\"layout\":\"1-2,1-2\",\"id\":\"section-3\",\"class\":\"section row-3\"},\"children\":[{\"type\":\"column\",\"props\":{\"position_sticky_breakpoint\":\"m\",\"image_position\":\"center-center\",\"media_overlay_gradient\":\"\",\"width_medium\":\"1-2\",\"order_first\":\"s\",\"class\":\"section-content\",\"vertical_align\":\"middle\",\"width_small\":\"2-3\"},\"children\":[{\"type\":\"headline\",\"props\":{\"title_element\":\"h2\",\"title_color\":\"primary\",\"content\":\"Partner\",\"title_style\":\"h2\",\"class\":\"section-header\"}},{\"type\":\"html\",\"props\":{\"content\":\"\n\n<div class=\\\"uk-child-width-1-4@s uk-text-center uk-flex\\\" uk-grid uk-height-match>\\n    \n\n<div>\\n        <img src=\\\"\\\/wp-content\\\/uploads\\\/2022\\\/05\\\/CARDET_logo_highRes.png\\\" alt=\\\"CARDET\\\" \\\/>\\n        \n\n<h4><a href=\\\"https:\\\/\\\/cardet.org\\\" target=\\\"_blank\\\">CARDET<\\\/a><\\\/h4>\\n    <\\\/div>\\n    \n\n<div>\\n        <img src=\\\"\\\/wp-content\\\/uploads\\\/2022\\\/05\\\/dieberater_logo2019_RGB.jpg\\\" alt=\\\"DIE BERATER\\\" \\\/>\\n        \n\n<h4><a href=\\\"http:\\\/\\\/www.dieberater.com\\\" target=\\\"_blank\\\">DIE BERATER<\\\/a><\\\/h4>\\n    <\\\/div>\\n    \n\n<div>\\n        <img src=\\\"\\\/wp-content\\\/uploads\\\/2022\\\/05\\\/EUROTRAINING_LOGO.png\\\" alt=\\\"EUROTRAINING\\\" \\\/>\\n        \n\n<h4><a href=\\\"https:\\\/\\\/www.eurotraining.gr\\\/\\\" target=\\\"_blank\\\">EUROTRAINING<\\\/a><\\\/h4>\\n    <\\\/div>\\n    \n\n<div>\\n        <img src=\\\"\\\/wp-content\\\/uploads\\\/2022\\\/05\\\/fipl-logo.jpg\\\" alt=\\\"FIP\\\" \\\/>\\n        \n\n<h4><a href=\\\"http:\\\/\\\/www.futureinperspective.com\\\" target=\\\"_blank\\\">FIP<\\\/a><\\\/h4>\\n    <\\\/div>\\n<\\\/div>\\n\\n\n\n<div class=\\\"uk-child-width-1-4@s uk-text-center uk-flex uk-margin-medium-top\\\" uk-grid uk-height-match>\\n    \n\n<div>\\n        <img src=\\\"\\\/wp-content\\\/uploads\\\/2022\\\/05\\\/inova_logo.jpg\\\" alt=\\\"INOVA+\\\" \\\/>\\n        \n\n<h4><a href=\\\"https:\\\/\\\/inova.business\\\/\\\" target=\\\"_blank\\\">INOVA+<\\\/a><\\\/h4>\\n    <\\\/div>\\n    \n\n<div>\\n        <img src=\\\"\\\/wp-content\\\/uploads\\\/2022\\\/05\\\/stpeuropa-logo.jpg\\\" alt=\\\"STPEUROPA\\\" \\\/>\\n        \n\n<h4><a href=\\\"https:\\\/\\\/www.stpeuropa.eu\\\" target=\\\"_blank\\\">STPEUROPA<\\\/a><\\\/h4>\\n    <\\\/div>\\n    \n\n<div>\\n        <img src=\\\"\\\/wp-content\\\/uploads\\\/2022\\\/05\\\/INNOVADE_logo.png\\\" alt=\\\"INNOVADE\\\" \\\/>\\n        \n\n<h4><a href=\\\"http:\\\/\\\/www.innovade.eu\\\/\\\" target=\\\"_blank\\\">INNOVADE<\\\/a><\\\/h4>\\n    <\\\/div>\\n\\n<\\\/div>\",\"class\":\"home-partners\"}},{\"type\":\"text\",\"props\":{\"margin\":\"default\",\"column_breakpoint\":\"m\",\"content\":\"\n\n<p><img src=\\\"\\\/wp-content\\\/uploads\\\/2022\\\/02\\\/erasmus-logo.svg\\\" width=\\\"244\\\" height=\\\"58\\\" class=\\\"alignnone\\\" alt=\\\"\\\" \\\/><\\\/p>\\n\n\n<p>The European Commission\\u2019s support for the production of this publication does not constitute an endorsement of the contents which reflects the views only of the authors, and the Commission cannot be held responsible for any usewhich may be made of the information contained therein. [Project Number: 2021-1-CY01-KA220-VET-000033254]. <a href=\\\"https:\\\/\\\/grooveproject.eu\\\/privacy-policy\\\/\\\">Privacy Policy<\\\/a><\\\/p>\",\"margin_remove_bottom\":true,\"class\":\"footer-node-home\"}}]},{\"type\":\"column\",\"props\":{\"position_sticky_breakpoint\":\"m\",\"image_position\":\"center-center\",\"media_overlay_gradient\":\"\",\"width_medium\":\"1-2\",\"order_first\":\"xs\",\"class\":\"section-image\",\"vertical_align\":\"middle\",\"width_small\":\"1-3\"},\"children\":[{\"type\":\"image\",\"props\":{\"margin\":\"remove-vertical\",\"image_svg_color\":\"emphasis\",\"image\":\"wp-content\\\/uploads\\\/2022\\\/05\\\/partners.svg\",\"animation\":\"none\",\"class\":\"section-svg\"}}]}]}]}],\"version\":\"2.7.22\"} --><\/p>\n","protected":false},"excerpt":{"rendered":"<p>Digital Transformationof the Vet Sector Hintergrund Die Berufsbildung ist ein integraler Bestandteil der Bildung und bietet Systeme des lebenslangen Lernens, die den Menschen F\u00e4higkeiten vermitteln,..<\/p>\n","protected":false},"author":1,"featured_media":0,"parent":0,"menu_order":0,"comment_status":"closed","ping_status":"closed","template":"","meta":{"inline_featured_image":false,"footnotes":""},"class_list":["post-776","page","type-page","status-publish","hentry"],"_links":{"self":[{"href":"https:\/\/grooveproject.eu\/de\/wp-json\/wp\/v2\/pages\/776","targetHints":{"allow":["GET"]}}],"collection":[{"href":"https:\/\/grooveproject.eu\/de\/wp-json\/wp\/v2\/pages"}],"about":[{"href":"https:\/\/grooveproject.eu\/de\/wp-json\/wp\/v2\/types\/page"}],"author":[{"embeddable":true,"href":"https:\/\/grooveproject.eu\/de\/wp-json\/wp\/v2\/users\/1"}],"replies":[{"embeddable":true,"href":"https:\/\/grooveproject.eu\/de\/wp-json\/wp\/v2\/comments?post=776"}],"version-history":[{"count":3,"href":"https:\/\/grooveproject.eu\/de\/wp-json\/wp\/v2\/pages\/776\/revisions"}],"predecessor-version":[{"id":1382,"href":"https:\/\/grooveproject.eu\/de\/wp-json\/wp\/v2\/pages\/776\/revisions\/1382"}],"wp:attachment":[{"href":"https:\/\/grooveproject.eu\/de\/wp-json\/wp\/v2\/media?parent=776"}],"curies":[{"name":"wp","href":"https:\/\/api.w.org\/{rel}","templated":true}]}}