{"id":741,"date":"2022-03-21T06:09:31","date_gmt":"2022-03-21T06:09:31","guid":{"rendered":"https:\/\/grooveproject.eu\/resources\/"},"modified":"2024-01-29T12:06:29","modified_gmt":"2024-01-29T12:06:29","slug":"resources","status":"publish","type":"page","link":"https:\/\/grooveproject.eu\/de\/resources\/","title":{"rendered":"Ressourcen"},"content":{"rendered":"<div>\n<h5><strong>Toolkit f\u00fcr die Entwicklung einer digitalen Strategie in der Berufsbildung<\/strong><\/h5>\n<p>Das GROOVE-Toolkit bezieht sich auf die Entwicklung eines attraktiven Unterst\u00fctzungspakets, das es Berufsbildungsanbietern erm\u00f6glicht, \u00fcber ihre digitale Bereitschaft nachzudenken und diese zu verbessern, indem sie mit Strategien zur Verbesserung der digitalen F\u00e4higkeiten von Ausbildern\/Lehrern und Lernenden ausgestattet werden.<\/p>\n<p><a class=\"uk-button uk-button-primary\" href=\"\/wp-content\/uploads\/2023\/03\/GROOVE_Toolkit-DE.pdf\" target=\"_blank\" rel=\"noopener\">Toolkit herunterladen<\/a><\/p>\n<p><\/p>\n<h5><strong>Intelligenter Tutor und Online-Lernraum f\u00fcr die digitale Transformation<\/strong><\/h5>\n<p>Der intelligente Tutor f\u00fcr die digitale Transformation von GROOVE wird ein interaktiver Leitfaden f\u00fcr die Entwicklung eines digitalen Aktionsplans sein, der in eine Online-Lernplattform mit digitalen Ressourcen, OER und Tools f\u00fcr die Transformation des Berufsbildungssektors integriert ist.<\/p>\n<p><a class=\"uk-button uk-button-primary\" href=\"https:\/\/elearning.grooveproject.eu\/\" target=\"_blank\" rel=\"noopener\">Besuchen Sie die E-Learning-Plattform<\/a><\/p>\n<h5><strong>Schulungsprogramm zur digitalen Transformation f\u00fcr Berufsbildungsanbieter und Ausbilder<\/strong><\/h5>\n<p>Diese Schulung wird die Kapazit\u00e4ten von Berufsbildungsanbietern\/Ausbildern bei der Gestaltung ganzheitlicher Bildungsprogramme, die die digitalen F\u00e4higkeiten der Lernenden f\u00f6rdern, ausbauen.<\/p>\n<p><a class=\"uk-button uk-button-primary\" href=\"\/wp-content\/uploads\/2024\/01\/GROOVE_R3_Digital-Transformation-Training-Programme_Fortbildungsprogramm_DE.pdf\" target=\"_blank\" rel=\"noopener\">Schulungsprogramm herunterladen<\/a><\/p>\n<\/div>\n<p><iframe src=\"https:\/\/youtu.be\/s-SGIcz0VzE\"><\/iframe><br \/>\n<img decoding=\"async\" src=\"\/wp-content\/uploads\/2022\/04\/results-image.svg\" alt=\"\"><\/p>\n<p><!--more--><br \/>\n<!-- {\"type\":\"layout\",\"children\":[{\"type\":\"section\",\"props\":{\"style\":\"default\",\"width\":\"default\",\"vertical_align\":\"middle\",\"title_position\":\"top-left\",\"title_rotation\":\"left\",\"title_breakpoint\":\"xl\",\"image_position\":\"center-center\",\"padding_remove_top\":true,\"height\":\"expand\"},\"children\":[{\"type\":\"row\",\"children\":[{\"type\":\"column\",\"props\":{\"position_sticky_breakpoint\":\"m\",\"image_position\":\"center-center\",\"media_overlay_gradient\":\"\"},\"children\":[{\"type\":\"headline\",\"props\":{\"title_element\":\"h1\",\"title_style\":\"h1\",\"title_color\":\"success\",\"text_align\":\"left\"},\"name\":\"headline-pages\",\"source\":{\"query\":{\"name\":\"pages.singlePage\"},\"props\":{\"content\":{\"filters\":{\"search\":\"\"},\"name\":\"title\"}}}}]}]},{\"type\":\"row\",\"props\":{\"layout\":\"2-3,1-3\"},\"children\":[{\"type\":\"column\",\"props\":{\"position_sticky_breakpoint\":\"m\",\"image_position\":\"center-center\",\"media_overlay_gradient\":\"\",\"width_medium\":\"2-3\"},\"children\":[{\"type\":\"text\",\"props\":{\"margin\":\"default\",\"column_breakpoint\":\"m\",\"content\":\"\n\n<h5><strong>Toolkit f\\u00fcr die Entwicklung einer digitalen Strategie in der Berufsbildung<\\\/strong><\\\/h5>\\n\n\n<p>Das GROOVE-Toolkit bezieht sich auf die Entwicklung eines attraktiven Unterst\\u00fctzungspakets, das es Berufsbildungsanbietern erm\\u00f6glicht, \\u00fcber ihre digitale Bereitschaft nachzudenken und diese zu verbessern, indem sie mit Strategien zur Verbesserung der digitalen F\\u00e4higkeiten von Ausbildern\\\/Lehrern und Lernenden ausgestattet werden.<\\\/p>\\n\n\n<p><a class=\\\"uk-button uk-button-primary\\\" href=\\\"\\\/wp-content\\\/uploads\\\/2023\\\/03\\\/GROOVE_Toolkit-DE.pdf\\\" target=\\\"_blank\\\" rel=\\\"noopener\\\">Toolkit herunterladen<\\\/a><\\\/p>\\n<br \/>\\n\n\n<h5><strong>Intelligenter Tutor und Online-Lernraum f\\u00fcr die digitale Transformation<\\\/strong><\\\/h5>\\n\n\n<p>Der intelligente Tutor f\\u00fcr die digitale Transformation von GROOVE wird ein interaktiver Leitfaden f\\u00fcr die Entwicklung eines digitalen Aktionsplans sein, der in eine Online-Lernplattform mit digitalen Ressourcen, OER und Tools f\\u00fcr die Transformation des Berufsbildungssektors integriert ist.<\\\/p>\\n\n\n<p><a class=\\\"uk-button uk-button-primary\\\" href=\\\"https:\\\/\\\/elearning.grooveproject.eu\\\/\\\" target=\\\"_blank\\\" rel=\\\"noopener\\\">Besuchen Sie die E-Learning-Plattform<\\\/a><\\\/p>\\n\n\n<h5><strong>Schulungsprogramm zur digitalen Transformation f\\u00fcr Berufsbildungsanbieter und Ausbilder<\\\/strong><\\\/h5>\\n\n\n<p>Diese Schulung wird die Kapazit\\u00e4ten von Berufsbildungsanbietern\\\/Ausbildern bei der Gestaltung ganzheitlicher Bildungsprogramme, die die digitalen F\\u00e4higkeiten der Lernenden f\\u00f6rdern, ausbauen.<\\\/p>\\n\n\n<p><a class=\\\"uk-button uk-button-primary\\\" href=\\\"\\\/wp-content\\\/uploads\\\/2024\\\/01\\\/GROOVE_R3_Digital-Transformation-Training-Programme_Fortbildungsprogramm_DE.pdf\\\" target=\\\"_blank\\\" rel=\\\"noopener\\\">Schulungsprogramm herunterladen<\\\/a><\\\/p>\",\"class\":\"results-home-content\"}},{\"type\":\"video\",\"props\":{\"video_controls\":true,\"margin\":\"default\",\"css\":\".el-element iframe {\\n  height: 400px;\\n  width: 100%;\\n}\",\"video\":\"https:\\\/\\\/youtu.be\\\/s-SGIcz0VzE\"}}]},{\"type\":\"column\",\"props\":{\"position_sticky_breakpoint\":\"m\",\"image_position\":\"center-center\",\"media_overlay_gradient\":\"\",\"width_medium\":\"1-3\",\"vertical_align\":\"middle\"},\"children\":[{\"type\":\"image\",\"props\":{\"margin\":\"default\",\"image_svg_color\":\"emphasis\",\"image\":\"wp-content\\\/uploads\\\/2022\\\/04\\\/results-image.svg\"}}]}]}]}],\"version\":\"2.7.22\"} --><\/p>\n","protected":false},"excerpt":{"rendered":"<p>Toolkit f\u00fcr die Entwicklung einer digitalen Strategie in der Berufsbildung Das GROOVE-Toolkit bezieht sich auf die Entwicklung eines attraktiven Unterst\u00fctzungspakets, das es Berufsbildungsanbietern erm\u00f6glicht, \u00fcber..<\/p>\n","protected":false},"author":1,"featured_media":0,"parent":0,"menu_order":0,"comment_status":"closed","ping_status":"closed","template":"","meta":{"inline_featured_image":false,"footnotes":""},"class_list":["post-741","page","type-page","status-publish","hentry"],"_links":{"self":[{"href":"https:\/\/grooveproject.eu\/de\/wp-json\/wp\/v2\/pages\/741","targetHints":{"allow":["GET"]}}],"collection":[{"href":"https:\/\/grooveproject.eu\/de\/wp-json\/wp\/v2\/pages"}],"about":[{"href":"https:\/\/grooveproject.eu\/de\/wp-json\/wp\/v2\/types\/page"}],"author":[{"embeddable":true,"href":"https:\/\/grooveproject.eu\/de\/wp-json\/wp\/v2\/users\/1"}],"replies":[{"embeddable":true,"href":"https:\/\/grooveproject.eu\/de\/wp-json\/wp\/v2\/comments?post=741"}],"version-history":[{"count":6,"href":"https:\/\/grooveproject.eu\/de\/wp-json\/wp\/v2\/pages\/741\/revisions"}],"predecessor-version":[{"id":1347,"href":"https:\/\/grooveproject.eu\/de\/wp-json\/wp\/v2\/pages\/741\/revisions\/1347"}],"wp:attachment":[{"href":"https:\/\/grooveproject.eu\/de\/wp-json\/wp\/v2\/media?parent=741"}],"curies":[{"name":"wp","href":"https:\/\/api.w.org\/{rel}","templated":true}]}}